{"id":25,"date":"2026-05-07T09:11:49","date_gmt":"2026-05-07T08:11:49","guid":{"rendered":"https:\/\/ocampesinhado.terrum.social\/?page_id=25"},"modified":"2026-05-07T21:04:19","modified_gmt":"2026-05-07T20:04:19","slug":"inicio","status":"publish","type":"page","link":"https:\/\/ocampesinhado.terrum.social\/","title":{"rendered":"Inicio"},"content":{"rendered":"<div class=\"wp-block-image separador-agrarista\">\n<figure class=\"aligncenter size-large is-resized\"><img loading=\"lazy\" decoding=\"async\" width=\"1024\" height=\"341\" src=\"https:\/\/ocampesinhado.terrum.social\/wp-content\/uploads\/2026\/05\/separador_002-1024x341.png\" alt=\"\" class=\"wp-image-95\" style=\"aspect-ratio:3.0027611175163385;width:237px;height:auto\" title=\"\" srcset=\"https:\/\/ocampesinhado.terrum.social\/wp-content\/uploads\/2026\/05\/separador_002-1024x341.png 1024w, https:\/\/ocampesinhado.terrum.social\/wp-content\/uploads\/2026\/05\/separador_002-300x100.png 300w, https:\/\/ocampesinhado.terrum.social\/wp-content\/uploads\/2026\/05\/separador_002-768x256.png 768w, https:\/\/ocampesinhado.terrum.social\/wp-content\/uploads\/2026\/05\/separador_002-1536x512.png 1536w, https:\/\/ocampesinhado.terrum.social\/wp-content\/uploads\/2026\/05\/separador_002-2048x683.png 2048w\" sizes=\"auto, (max-width: 1024px) 100vw, 1024px\" \/><\/figure>\n<\/div>\n\n\n<p>A Sociedade Agrarista \u201c<strong>O Campesinhado<\/strong>\u201d \u00e9 um espa\u00e7o de apoio m\u00fatuo, organiza\u00e7om coletiva e defesa comunal do rural. Nascida da mem\u00f3ria agrarista galega e da necessidade de reconstruir v\u00ednculos entre terra, comunidade e futuro, trabalha pola dignifica\u00e7om do campesinhado, a coopera\u00e7om entre comunidades e a recupera\u00e7om de formas solid\u00e1rias, sustent\u00e1veis, rexenerativas e conscientes de habitar o territ\u00f3rio.<\/p>\n\n\n<div class=\"wp-block-image\">\n<figure class=\"aligncenter size-full is-resized\"><img loading=\"lazy\" decoding=\"async\" width=\"1254\" height=\"1254\" src=\"https:\/\/ocampesinhado.terrum.social\/wp-content\/uploads\/2026\/05\/logo5.png\" alt=\"\" class=\"wp-image-231\" style=\"width:270px;height:auto\" srcset=\"https:\/\/ocampesinhado.terrum.social\/wp-content\/uploads\/2026\/05\/logo5.png 1254w, https:\/\/ocampesinhado.terrum.social\/wp-content\/uploads\/2026\/05\/logo5-300x300.png 300w, https:\/\/ocampesinhado.terrum.social\/wp-content\/uploads\/2026\/05\/logo5-1024x1024.png 1024w, https:\/\/ocampesinhado.terrum.social\/wp-content\/uploads\/2026\/05\/logo5-150x150.png 150w, https:\/\/ocampesinhado.terrum.social\/wp-content\/uploads\/2026\/05\/logo5-768x768.png 768w\" sizes=\"auto, (max-width: 1254px) 100vw, 1254px\" \/><\/figure>\n<\/div>\n\n\n<div class=\"wp-block-buttons botons-agraristas is-content-justification-center is-layout-flex wp-container-core-buttons-is-layout-5e6b19ed wp-block-buttons-is-layout-flex\">\n<div class=\"wp-block-button botons-agraristas\"><a class=\"wp-block-button__link wp-element-button\" href=\"\/index.php\/manifesto\/\">Manifesto<\/a><\/div>\n\n\n\n<div class=\"wp-block-button botons-agraristas\"><a class=\"wp-block-button__link wp-element-button\" href=\"\/index.php\/convocatoria\/\">Convocat\u00f3ria<\/a><\/div>\n<\/div>\n\n\n\n<hr class=\"wp-block-separator has-alpha-channel-opacity\"\/>\n\n\n\n<p>Esta iniciativa forma parte do \u00e1mbito de trabalho e apoio da <strong><a href=\"https:\/\/terrum.social\">Funda\u00e7om TERRUM<\/a><\/strong>, no seu ramo de defesa territorial, cust\u00f3dia do comum e acompanhamento do mundo rural. Desde esta vincula\u00e7om, \u201c<strong>O Campesinhado<\/strong>\u201d nasce como ferramenta social, cultural e comunit\u00e1ria para fortalecer a organiza\u00e7om popular no agro, apoiar processos de defesa da terra e contribuir \u00e0 regenera\u00e7om do tecido rural desde a coopera\u00e7om, a mem\u00f3ria agrarista e a dignidade comunal.<br><\/p>\n","protected":false},"excerpt":{"rendered":"<p>A Sociedade Agrarista \u201cO Campesinhado\u201d \u00e9 um espa\u00e7o de apoio m\u00fatuo, organiza\u00e7om coletiva e defesa comunal do rural. Nascida da mem\u00f3ria agrarista galega e da necessidade de reconstruir v\u00ednculos entre terra, comunidade e futuro, trabalha pola dignifica\u00e7om do campesinhado, a coopera\u00e7om entre comunidades e a recupera\u00e7om de formas solid\u00e1rias, sustent\u00e1veis, rexenerativas e conscientes de habitar&#8230;<\/p>\n","protected":false},"author":1,"featured_media":0,"parent":0,"menu_order":0,"comment_status":"closed","ping_status":"closed","template":"","meta":{"_kadence_starter_templates_imported_post":false,"_kad_post_transparent":"","_kad_post_title":"","_kad_post_layout":"","_kad_post_sidebar_id":"","_kad_post_content_style":"","_kad_post_vertical_padding":"","_kad_post_feature":"","_kad_post_feature_position":"","_kad_post_header":false,"_kad_post_footer":false,"_kad_post_classname":"","footnotes":""},"class_list":["post-25","page","type-page","status-publish","hentry"],"_links":{"self":[{"href":"https:\/\/ocampesinhado.terrum.social\/index.php\/wp-json\/wp\/v2\/pages\/25","targetHints":{"allow":["GET"]}}],"collection":[{"href":"https:\/\/ocampesinhado.terrum.social\/index.php\/wp-json\/wp\/v2\/pages"}],"about":[{"href":"https:\/\/ocampesinhado.terrum.social\/index.php\/wp-json\/wp\/v2\/types\/page"}],"author":[{"embeddable":true,"href":"https:\/\/ocampesinhado.terrum.social\/index.php\/wp-json\/wp\/v2\/users\/1"}],"replies":[{"embeddable":true,"href":"https:\/\/ocampesinhado.terrum.social\/index.php\/wp-json\/wp\/v2\/comments?post=25"}],"version-history":[{"count":28,"href":"https:\/\/ocampesinhado.terrum.social\/index.php\/wp-json\/wp\/v2\/pages\/25\/revisions"}],"predecessor-version":[{"id":242,"href":"https:\/\/ocampesinhado.terrum.social\/index.php\/wp-json\/wp\/v2\/pages\/25\/revisions\/242"}],"wp:attachment":[{"href":"https:\/\/ocampesinhado.terrum.social\/index.php\/wp-json\/wp\/v2\/media?parent=25"}],"curies":[{"name":"wp","href":"https:\/\/api.w.org\/{rel}","templated":true}]}}